{"id":1651,"date":"2022-05-20T11:11:39","date_gmt":"2022-05-20T09:11:39","guid":{"rendered":"https:\/\/sun-ice-energy.com\/a-propos-de-nous\/"},"modified":"2023-07-24T14:23:59","modified_gmt":"2023-07-24T12:23:59","slug":"a-propos-de-nous","status":"publish","type":"page","link":"https:\/\/sun-ice-energy.com\/fr\/a-propos-de-nous\/","title":{"rendered":"\u00c0 PROPOS DE NOUS"},"content":{"rendered":"<p><div class=\"fusion-fullwidth fullwidth-box fusion-builder-row-1 fusion-flex-container fusion-parallax-none nonhundred-percent-fullwidth non-hundred-percent-height-scrolling\" style=\"--awb-border-sizes-top:0px;--awb-border-sizes-bottom:0px;--awb-border-sizes-left:0px;--awb-border-sizes-right:0px;--awb-border-radius-top-left:0px;--awb-border-radius-top-right:0px;--awb-border-radius-bottom-right:0px;--awb-border-radius-bottom-left:0px;--awb-padding-top:120px;--awb-padding-right:30px;--awb-padding-bottom:120px;--awb-padding-left:30px;--awb-padding-top-medium:0px;--awb-padding-right-small:60px;--awb-padding-left-small:60px;--awb-margin-top:0px;--awb-margin-bottom:0px;--awb-background-color:#ffffff;--awb-background-image:linear-gradient(270deg, #ffffff 56%,rgba(255,255,255,0) 100%),url(https:\/\/sun-ice-energy.com\/wp-content\/uploads\/2022\/06\/corporatevisiont-sun-ice2.png);;--awb-background-size:cover;--awb-flex-wrap:wrap;\" data-preload-img=\"https:\/\/sun-ice-energy.com\/wp-content\/uploads\/2022\/06\/corporatevisiont-sun-ice2.png\" ><div class=\"fusion-builder-row fusion-row fusion-flex-align-items-center fusion-flex-content-wrap\" style=\"max-width:1248px;margin-left: calc(-4% \/ 2 );margin-right: calc(-4% \/ 2 );\"><div class=\"fusion-layout-column fusion_builder_column fusion-builder-column-0 fusion_builder_column_1_3 1_3 fusion-flex-column fusion-animated\" style=\"--awb-bg-size:cover;--awb-width-large:33.333333333333%;--awb-margin-top-large:0px;--awb-spacing-right-large:11.52%;--awb-margin-bottom-large:60px;--awb-spacing-left-large:11.52%;--awb-width-medium:100%;--awb-order-medium:0;--awb-spacing-right-medium:1.92%;--awb-spacing-left-medium:1.92%;--awb-width-small:100%;--awb-order-small:0;--awb-margin-top-small:0px;--awb-spacing-right-small:1.92%;--awb-margin-bottom-small:0px;--awb-spacing-left-small:1.92%;\" data-animationType=\"fadeInLeft\" data-animationDuration=\"1.6\" data-animationOffset=\"top-into-view\"><div class=\"fusion-column-wrapper fusion-column-has-shadow fusion-flex-justify-content-center fusion-content-layout-column\"><\/div><\/div><div class=\"fusion-layout-column fusion_builder_column fusion-builder-column-1 fusion_builder_column_2_3 2_3 fusion-flex-column fusion-animated\" style=\"--awb-padding-top-small:48px;--awb-padding-right-small:48px;--awb-padding-bottom-small:48px;--awb-padding-left-small:48px;--awb-bg-size:cover;--awb-width-large:66.666666666667%;--awb-margin-top-large:0px;--awb-spacing-right-large:0px;--awb-margin-bottom-large:0px;--awb-spacing-left-large:7.2%;--awb-width-medium:100%;--awb-spacing-right-medium:4.8%;--awb-spacing-left-medium:6.72%;--awb-width-small:100%;--awb-order-small:1;--awb-spacing-right-small:1.92%;--awb-margin-bottom-small:0px;--awb-spacing-left-small:1.92%;\" data-animationType=\"fadeInRight\" data-animationDuration=\"1.6\" data-animationOffset=\"top-into-view\"><div class=\"fusion-column-wrapper fusion-column-has-shadow fusion-flex-justify-content-flex-start fusion-content-layout-column\"><div class=\"fusion-title title fusion-title-1 fusion-sep-none fusion-title-text fusion-title-size-four\" style=\"--awb-text-color:var(--awb-custom_color_1);--awb-margin-top:10px;--awb-margin-bottom:20px;--awb-margin-top-small:10px;--awb-margin-right-small:0px;--awb-margin-bottom-small:10px;--awb-margin-left-small:0px;--awb-font-size:30px;\"><h4 class=\"fusion-title-heading title-heading-left fusion-responsive-typography-calculated\" style=\"font-family:&quot;Montserrat&quot;;font-style:normal;font-weight:400;margin:0;text-transform:var(--awb-typography1-text-transform);font-size:1em;--fontSize:30;line-height:1.3;\"><b>Le catalyseur<\/b><\/h4><\/div><div class=\"fusion-text fusion-text-1\" style=\"--awb-font-size:20px;--awb-line-height:1.7;--awb-letter-spacing:0px;--awb-text-transform:var(--awb-typography4-text-transform);--awb-text-color:rgba(5,21,41,0.8);--awb-text-font-family:&quot;DM Sans&quot;;--awb-text-font-style:normal;--awb-text-font-weight:400;\"><p><i>La hausse des co\u00fbts de l&rsquo;\u00e9nergie a \u00e9t\u00e9 la principale motivation de Jacques Mouchet pour cr\u00e9er Sun Ice Energy&#8230;.<\/i><\/p>\n<\/div><div ><a class=\"fusion-button button-flat fusion-button-default-size button-custom fusion-button-default button-1 fusion-button-default-span fusion-button-default-type\" style=\"--button_accent_color:var(--awb-custom_color_1);--button_border_color:var(--awb-custom_color_1);--button_accent_hover_color:var(--awb-color1);--button_border_hover_color:var(--awb-color1);--button_border_width-top:1px;--button_border_width-right:1px;--button_border_width-bottom:1px;--button_border_width-left:1px;--button_gradient_top_color:rgba(255,255,255,0);--button_gradient_bottom_color:rgba(255,255,255,0);--button_gradient_top_color_hover:var(--awb-color3);--button_gradient_bottom_color_hover:var(--awb-color3);--button_typography-font-family:&quot;Montserrat&quot;;--button_typography-font-style:normal;--button_typography-font-weight:400;\" target=\"_self\" title=\"Voir plus\" aria-label=\"Voir plus\" href=\"https:\/\/sun-ice-energy.com\/fr\/a-propos-de-nous\/le-catalyseur\/\"><span class=\"fusion-button-text awb-button__text awb-button__text--default\">Voir plus<\/span><\/a><\/div><\/div><\/div><\/div><\/div><div class=\"fusion-fullwidth fullwidth-box fusion-builder-row-2 fusion-flex-container fusion-parallax-none nonhundred-percent-fullwidth non-hundred-percent-height-scrolling\" style=\"--awb-border-sizes-top:0px;--awb-border-sizes-bottom:0px;--awb-border-sizes-left:0px;--awb-border-sizes-right:0px;--awb-border-radius-top-left:0px;--awb-border-radius-top-right:0px;--awb-border-radius-bottom-right:0px;--awb-border-radius-bottom-left:0px;--awb-padding-top:120px;--awb-padding-right:30px;--awb-padding-bottom:120px;--awb-padding-left:30px;--awb-padding-top-medium:0px;--awb-padding-right-small:60px;--awb-padding-left-small:60px;--awb-margin-top:0px;--awb-margin-bottom:0px;--awb-background-color:#ffffff;--awb-background-image:linear-gradient(270deg, #ffffff 56%,rgba(255,255,255,0) 100%),url(https:\/\/sun-ice-energy.com\/wp-content\/uploads\/2022\/06\/airport-sun-ice2.jpg);;--awb-background-size:cover;--awb-flex-wrap:wrap;\" data-preload-img=\"https:\/\/sun-ice-energy.com\/wp-content\/uploads\/2022\/06\/airport-sun-ice2.jpg\" ><div class=\"fusion-builder-row fusion-row fusion-flex-align-items-center fusion-flex-content-wrap\" style=\"max-width:1248px;margin-left: calc(-4% \/ 2 );margin-right: calc(-4% \/ 2 );\"><div class=\"fusion-layout-column fusion_builder_column fusion-builder-column-2 fusion_builder_column_1_3 1_3 fusion-flex-column fusion-animated\" style=\"--awb-bg-size:cover;--awb-width-large:33.333333333333%;--awb-margin-top-large:0px;--awb-spacing-right-large:11.52%;--awb-margin-bottom-large:60px;--awb-spacing-left-large:11.52%;--awb-width-medium:100%;--awb-order-medium:0;--awb-spacing-right-medium:1.92%;--awb-spacing-left-medium:1.92%;--awb-width-small:100%;--awb-order-small:0;--awb-margin-top-small:0px;--awb-spacing-right-small:1.92%;--awb-margin-bottom-small:0px;--awb-spacing-left-small:1.92%;\" data-animationType=\"fadeInLeft\" data-animationDuration=\"1.6\" data-animationOffset=\"top-into-view\"><div class=\"fusion-column-wrapper fusion-column-has-shadow fusion-flex-justify-content-center fusion-content-layout-column\"><\/div><\/div><div class=\"fusion-layout-column fusion_builder_column fusion-builder-column-3 fusion_builder_column_2_3 2_3 fusion-flex-column fusion-animated\" style=\"--awb-padding-top-small:48px;--awb-padding-right-small:48px;--awb-padding-bottom-small:48px;--awb-padding-left-small:48px;--awb-bg-size:cover;--awb-width-large:66.666666666667%;--awb-margin-top-large:0px;--awb-spacing-right-large:0px;--awb-margin-bottom-large:0px;--awb-spacing-left-large:7.2%;--awb-width-medium:100%;--awb-spacing-right-medium:4.8%;--awb-spacing-left-medium:6.72%;--awb-width-small:100%;--awb-order-small:1;--awb-spacing-right-small:1.92%;--awb-margin-bottom-small:0px;--awb-spacing-left-small:1.92%;\" data-animationType=\"fadeInRight\" data-animationDuration=\"1.6\" data-animationOffset=\"top-into-view\"><div class=\"fusion-column-wrapper fusion-column-has-shadow fusion-flex-justify-content-flex-start fusion-content-layout-column\"><div class=\"fusion-title title fusion-title-2 fusion-sep-none fusion-title-text fusion-title-size-four\" style=\"--awb-text-color:var(--awb-custom_color_1);--awb-margin-top:10px;--awb-margin-bottom:20px;--awb-margin-top-small:10px;--awb-margin-right-small:0px;--awb-margin-bottom-small:10px;--awb-margin-left-small:0px;--awb-font-size:30px;\"><h4 class=\"fusion-title-heading title-heading-left fusion-responsive-typography-calculated\" style=\"font-family:&quot;Montserrat&quot;;font-style:normal;font-weight:400;margin:0;text-transform:var(--awb-typography1-text-transform);font-size:1em;--fontSize:30;line-height:1.3;\"><b>Notre \u00e9quipe<\/b><\/h4><\/div><div class=\"fusion-text fusion-text-2\" style=\"--awb-font-size:20px;--awb-line-height:1.7;--awb-letter-spacing:0px;--awb-text-transform:var(--awb-typography4-text-transform);--awb-text-color:rgba(5,21,41,0.8);--awb-text-font-family:&quot;DM Sans&quot;;--awb-text-font-style:normal;--awb-text-font-weight:400;\"><p><i>Rencontrez notre \u00e9quipe !<\/i><\/p>\n<\/div><div ><a class=\"fusion-button button-flat fusion-button-default-size button-custom fusion-button-default button-2 fusion-button-default-span fusion-button-default-type\" style=\"--button_accent_color:var(--awb-custom_color_1);--button_border_color:var(--awb-custom_color_1);--button_accent_hover_color:var(--awb-color1);--button_border_hover_color:var(--awb-color1);--button_border_width-top:1px;--button_border_width-right:1px;--button_border_width-bottom:1px;--button_border_width-left:1px;--button_gradient_top_color:rgba(255,255,255,0);--button_gradient_bottom_color:rgba(255,255,255,0);--button_gradient_top_color_hover:var(--awb-color3);--button_gradient_bottom_color_hover:var(--awb-color3);--button_typography-font-family:&quot;Montserrat&quot;;--button_typography-font-style:normal;--button_typography-font-weight:400;\" target=\"_self\" title=\"Voir plus\" aria-label=\"Voir plus\" href=\"https:\/\/sun-ice-energy.com\/fr\/a-propos-de-nous\/notre-equipe\/\"><span class=\"fusion-button-text awb-button__text awb-button__text--default\">Voir plus<\/span><\/a><\/div><\/div><\/div><\/div><\/div><div class=\"fusion-fullwidth fullwidth-box fusion-builder-row-3 fusion-flex-container faded-background fusion-parallax-none nonhundred-percent-fullwidth non-hundred-percent-height-scrolling\" style=\"--awb-border-sizes-top:0px;--awb-border-sizes-bottom:0px;--awb-border-sizes-left:0px;--awb-border-sizes-right:0px;--awb-border-radius-top-left:0px;--awb-border-radius-top-right:0px;--awb-border-radius-bottom-right:0px;--awb-border-radius-bottom-left:0px;--awb-padding-top:120px;--awb-padding-right:30px;--awb-padding-bottom:120px;--awb-padding-left:30px;--awb-padding-top-medium:0px;--awb-padding-right-small:60px;--awb-padding-left-small:60px;--awb-margin-top:0px;--awb-margin-bottom:0px;--awb-background-image:linear-gradient(90deg, #ffffff 55%,rgba(255,255,255,0) 90%),url(https:\/\/sun-ice-energy.com\/wp-content\/uploads\/2022\/06\/data-sky-sun-ice2.jpg);;--awb-background-size:cover;--awb-flex-wrap:wrap;\" ><div class=\"fullwidth-faded\" style=\"--awb-background-color:#ffffff;--awb-background-image:linear-gradient(90deg, #ffffff 55%,rgba(255,255,255,0) 90%),url(https:\/\/sun-ice-energy.com\/wp-content\/uploads\/2022\/06\/data-sky-sun-ice2.jpg);;--awb-background-size:cover;\" data-preload-img=\"https:\/\/sun-ice-energy.com\/wp-content\/uploads\/2022\/06\/data-sky-sun-ice2.jpg\" ><\/div><div class=\"fusion-builder-row fusion-row fusion-flex-align-items-center fusion-flex-content-wrap\" style=\"max-width:1248px;margin-left: calc(-4% \/ 2 );margin-right: calc(-4% \/ 2 );\"><div class=\"fusion-layout-column fusion_builder_column fusion-builder-column-4 fusion_builder_column_2_3 2_3 fusion-flex-column fusion-animated\" style=\"--awb-padding-top-small:48px;--awb-padding-right-small:48px;--awb-padding-bottom-small:48px;--awb-padding-left-small:48px;--awb-bg-size:cover;--awb-width-large:66.666666666667%;--awb-margin-top-large:0px;--awb-spacing-right-large:7.2%;--awb-margin-bottom-large:0px;--awb-spacing-left-large:0%;--awb-width-medium:100%;--awb-order-medium:0;--awb-spacing-right-medium:4.8%;--awb-spacing-left-medium:6.72%;--awb-width-small:100%;--awb-order-small:1;--awb-spacing-right-small:1.92%;--awb-margin-bottom-small:0px;--awb-spacing-left-small:1.92%;\" data-animationType=\"fadeInLeft\" data-animationDuration=\"1.6\" data-animationOffset=\"top-into-view\"><div class=\"fusion-column-wrapper fusion-column-has-shadow fusion-flex-justify-content-flex-start fusion-content-layout-column\"><div class=\"fusion-title title fusion-title-3 fusion-sep-none fusion-title-text fusion-title-size-four\" style=\"--awb-text-color:var(--awb-color1);--awb-margin-top:10px;--awb-margin-bottom:20px;--awb-margin-top-small:10px;--awb-margin-right-small:0px;--awb-margin-bottom-small:10px;--awb-margin-left-small:0px;--awb-font-size:30px;\"><h4 class=\"fusion-title-heading title-heading-left fusion-responsive-typography-calculated\" style=\"font-family:&quot;Montserrat&quot;;font-style:normal;font-weight:400;margin:0;text-transform:var(--awb-typography1-text-transform);font-size:1em;--fontSize:30;line-height:1.3;\"><b>Dans la presse<\/b><\/h4><\/div><div class=\"fusion-text fusion-text-3\" style=\"--awb-font-size:20px;--awb-line-height:1.7;--awb-letter-spacing:0px;--awb-text-transform:var(--awb-typography4-text-transform);--awb-text-color:rgba(5,21,41,0.8);--awb-text-font-family:&quot;DM Sans&quot;;--awb-text-font-style:normal;--awb-text-font-weight:400;\"><p><i>D\u00e9couvrez les articles de presse nous concernant <\/i><\/p>\n<\/div><div ><a class=\"fusion-button button-flat fusion-button-default-size button-custom fusion-button-default button-3 fusion-button-default-span fusion-button-default-type\" style=\"--button_accent_color:var(--awb-color1);--button_border_color:var(--awb-color1);--button_accent_hover_color:var(--awb-custom_color_1);--button_border_hover_color:var(--awb-custom_color_1);--button_border_width-top:1px;--button_border_width-right:1px;--button_border_width-bottom:1px;--button_border_width-left:1px;--button_gradient_top_color:rgba(255,255,255,0);--button_gradient_bottom_color:rgba(255,255,255,0);--button_gradient_top_color_hover:var(--awb-color3);--button_gradient_bottom_color_hover:var(--awb-color3);--button_typography-font-family:&quot;Montserrat&quot;;--button_typography-font-style:normal;--button_typography-font-weight:400;\" target=\"_self\" title=\"Voir plus\" aria-label=\"Voir plus\" href=\"https:\/\/sun-ice-energy.com\/fr\/non-classifiee\/\"><span class=\"fusion-button-text awb-button__text awb-button__text--default\">Voir plus<\/span><\/a><\/div><\/div><\/div><div class=\"fusion-layout-column fusion_builder_column fusion-builder-column-5 fusion_builder_column_1_3 1_3 fusion-flex-column fusion-animated\" style=\"--awb-bg-size:cover;--awb-width-large:33.333333333333%;--awb-margin-top-large:0px;--awb-spacing-right-large:11.52%;--awb-margin-bottom-large:60px;--awb-spacing-left-large:11.52%;--awb-width-medium:100%;--awb-order-medium:0;--awb-spacing-right-medium:1.92%;--awb-spacing-left-medium:1.92%;--awb-width-small:100%;--awb-order-small:0;--awb-margin-top-small:0px;--awb-spacing-right-small:1.92%;--awb-margin-bottom-small:0px;--awb-spacing-left-small:1.92%;\" data-animationType=\"fadeInLeft\" data-animationDuration=\"1.6\" data-animationOffset=\"top-into-view\"><div class=\"fusion-column-wrapper fusion-column-has-shadow fusion-flex-justify-content-center fusion-content-layout-column\"><\/div><\/div><\/div><\/div><\/p>\n","protected":false},"excerpt":{"rendered":"","protected":false},"author":1,"featured_media":1588,"parent":0,"menu_order":0,"comment_status":"closed","ping_status":"closed","template":"100-width.php","meta":{"footnotes":""},"class_list":["post-1651","page","type-page","status-publish","has-post-thumbnail","hentry"],"_links":{"self":[{"href":"https:\/\/sun-ice-energy.com\/fr\/wp-json\/wp\/v2\/pages\/1651","targetHints":{"allow":["GET"]}}],"collection":[{"href":"https:\/\/sun-ice-energy.com\/fr\/wp-json\/wp\/v2\/pages"}],"about":[{"href":"https:\/\/sun-ice-energy.com\/fr\/wp-json\/wp\/v2\/types\/page"}],"author":[{"embeddable":true,"href":"https:\/\/sun-ice-energy.com\/fr\/wp-json\/wp\/v2\/users\/1"}],"replies":[{"embeddable":true,"href":"https:\/\/sun-ice-energy.com\/fr\/wp-json\/wp\/v2\/comments?post=1651"}],"version-history":[{"count":4,"href":"https:\/\/sun-ice-energy.com\/fr\/wp-json\/wp\/v2\/pages\/1651\/revisions"}],"predecessor-version":[{"id":1701,"href":"https:\/\/sun-ice-energy.com\/fr\/wp-json\/wp\/v2\/pages\/1651\/revisions\/1701"}],"wp:featuredmedia":[{"embeddable":true,"href":"https:\/\/sun-ice-energy.com\/fr\/wp-json\/wp\/v2\/media\/1588"}],"wp:attachment":[{"href":"https:\/\/sun-ice-energy.com\/fr\/wp-json\/wp\/v2\/media?parent=1651"}],"curies":[{"name":"wp","href":"https:\/\/api.w.org\/{rel}","templated":true}]}}