{"id":1658,"date":"2022-06-13T13:34:54","date_gmt":"2022-06-13T11:34:54","guid":{"rendered":"https:\/\/sun-ice-energy.com\/a-propos-de-nous\/notre-equipe\/"},"modified":"2026-03-11T09:19:54","modified_gmt":"2026-03-11T08:19:54","slug":"notre-equipe","status":"publish","type":"page","link":"https:\/\/sun-ice-energy.com\/fr\/a-propos-de-nous\/notre-equipe\/","title":{"rendered":"Notre \u00e9quipe"},"content":{"rendered":"<p><div class=\"fusion-fullwidth fullwidth-box fusion-builder-row-1 fusion-flex-container fusion-parallax-none nonhundred-percent-fullwidth non-hundred-percent-height-scrolling\" style=\"--awb-border-sizes-top:0;--awb-border-sizes-bottom:0;--awb-border-radius-top-left:0px;--awb-border-radius-top-right:0px;--awb-border-radius-bottom-right:0px;--awb-border-radius-bottom-left:0px;--awb-padding-top:150px;--awb-padding-bottom:150px;--awb-margin-top:0px;--awb-margin-bottom:0px;--awb-background-image:url(&quot;https:\/\/sun-ice-energy.com\/wp-content\/uploads\/2022\/06\/building-sky-sun-ice2.jpg&quot;);--awb-background-size:cover;--awb-flex-wrap:wrap;\" data-preload-img=\"https:\/\/sun-ice-energy.com\/wp-content\/uploads\/2022\/06\/building-sky-sun-ice2.jpg\" ><div class=\"fusion-builder-row fusion-row fusion-flex-align-items-flex-start fusion-flex-content-wrap\" style=\"max-width:calc( 1200px + 0px );margin-left: calc(-0px \/ 2 );margin-right: calc(-0px \/ 2 );\"><div class=\"fusion-layout-column fusion_builder_column fusion-builder-column-0 fusion_builder_column_1_1 1_1 fusion-flex-column\" style=\"--awb-bg-position:center center;--awb-bg-blend:overlay;--awb-bg-size:cover;--awb-width-large:100%;--awb-margin-top-large:0px;--awb-spacing-right-large:0px;--awb-margin-bottom-large:0px;--awb-spacing-left-large:0px;--awb-width-medium:100%;--awb-order-medium:0;--awb-spacing-right-medium:0px;--awb-spacing-left-medium:0px;--awb-width-small:100%;--awb-order-small:0;--awb-spacing-right-small:0px;--awb-spacing-left-small:0px;\"><div class=\"fusion-column-wrapper fusion-column-has-shadow fusion-flex-justify-content-flex-start fusion-content-layout-column\"><\/div><\/div><\/div><\/div><div class=\"fusion-fullwidth fullwidth-box fusion-builder-row-2 fusion-flex-container nonhundred-percent-fullwidth non-hundred-percent-height-scrolling\" style=\"--awb-background-position:left top;--awb-border-sizes-top:0px;--awb-border-sizes-bottom:0px;--awb-border-sizes-left:0px;--awb-border-sizes-right:0px;--awb-border-radius-top-left:0px;--awb-border-radius-top-right:0px;--awb-border-radius-bottom-right:0px;--awb-border-radius-bottom-left:0px;--awb-padding-top:50px;--awb-padding-bottom:20px;--awb-background-color:#ffffff;--awb-flex-wrap:wrap;\" ><div class=\"fusion-builder-row fusion-row fusion-flex-align-items-flex-start fusion-flex-content-wrap\" style=\"max-width:1248px;margin-left: calc(-4% \/ 2 );margin-right: calc(-4% \/ 2 );\"><div class=\"fusion-layout-column fusion_builder_column fusion-builder-column-1 fusion_builder_column_1_1 1_1 fusion-flex-column\" style=\"--awb-bg-size:cover;--awb-width-large:100%;--awb-margin-top-large:0px;--awb-spacing-right-large:1.92%;--awb-margin-bottom-large:20px;--awb-spacing-left-large:1.92%;--awb-width-medium:100%;--awb-order-medium:0;--awb-spacing-right-medium:1.92%;--awb-spacing-left-medium:1.92%;--awb-width-small:100%;--awb-order-small:0;--awb-spacing-right-small:1.92%;--awb-spacing-left-small:1.92%;\"><div class=\"fusion-column-wrapper fusion-column-has-shadow fusion-flex-justify-content-flex-start fusion-content-layout-column\"><div class=\"fusion-title title fusion-title-1 fusion-sep-none fusion-title-text fusion-title-size-two\" style=\"--awb-text-color:var(--awb-custom_color_1);--awb-margin-bottom:0px;--awb-margin-top-small:0px;--awb-margin-right-small:0px;--awb-margin-bottom-small:20px;--awb-margin-left-small:0px;--awb-font-size:45px;\"><h2 class=\"fusion-title-heading title-heading-left fusion-responsive-typography-calculated\" style=\"margin:0;text-transform:capitalize;font-size:1em;--fontSize:45;line-height:var(--awb-typography1-line-height);\">Notre \u00e9quipe<\/h2><\/div><div class=\"fusion-text fusion-text-1\" style=\"--awb-text-color:#000000;\"><p><strong>Sun Ice Energy est dirig\u00e9e par un groupe diversifi\u00e9 de professionnels ayant de l&rsquo;exp\u00e9rience dans les domaines de l&rsquo;ing\u00e9nierie, des op\u00e9rations, de la finance et du d\u00e9veloppement commercial mondial. <\/strong><\/p>\n<\/div><\/div><\/div><div class=\"fusion-layout-column fusion_builder_column fusion-builder-column-2 fusion_builder_column_1_4 1_4 fusion-flex-column fusion-flex-align-self-flex-start\" style=\"--awb-bg-blend:overlay;--awb-bg-size:cover;--awb-width-large:25%;--awb-margin-top-large:0px;--awb-spacing-right-large:7.68%;--awb-margin-bottom-large:0px;--awb-spacing-left-large:7.68%;--awb-width-medium:100%;--awb-order-medium:0;--awb-spacing-right-medium:1.92%;--awb-spacing-left-medium:1.92%;--awb-width-small:100%;--awb-order-small:0;--awb-spacing-right-small:1.92%;--awb-spacing-left-small:1.92%;\"><div class=\"fusion-column-wrapper fusion-column-has-shadow fusion-flex-justify-content-flex-start fusion-content-layout-column\"><div class=\"fusion-image-element \" style=\"text-align:center;--awb-max-width:200px;--awb-caption-title-font-family:var(--h2_typography-font-family);--awb-caption-title-font-weight:var(--h2_typography-font-weight);--awb-caption-title-font-style:var(--h2_typography-font-style);--awb-caption-title-size:var(--h2_typography-font-size);--awb-caption-title-transform:var(--h2_typography-text-transform);--awb-caption-title-line-height:var(--h2_typography-line-height);--awb-caption-title-letter-spacing:var(--h2_typography-letter-spacing);\"><span class=\" fusion-imageframe imageframe-none imageframe-1 hover-type-none\"><img decoding=\"async\" width=\"216\" height=\"216\" title=\"jm-0003\" src=\"https:\/\/sun-ice-energy.com\/wp-content\/uploads\/2022\/05\/jm-0003-e1686209056360.webp\" data-orig-src=\"https:\/\/sun-ice-energy.com\/wp-content\/uploads\/2022\/05\/jm-0003-e1686209056360.webp\" alt class=\"lazyload img-responsive wp-image-1572\" srcset=\"data:image\/svg+xml,%3Csvg%20xmlns%3D%27http%3A%2F%2Fwww.w3.org%2F2000%2Fsvg%27%20width%3D%27216%27%20height%3D%27216%27%20viewBox%3D%270%200%20216%20216%27%3E%3Crect%20width%3D%27216%27%20height%3D%27216%27%20fill-opacity%3D%220%22%2F%3E%3C%2Fsvg%3E\" data-srcset=\"https:\/\/sun-ice-energy.com\/wp-content\/uploads\/2022\/05\/jm-0003-e1686209056360-200x200.webp 200w, https:\/\/sun-ice-energy.com\/wp-content\/uploads\/2022\/05\/jm-0003-e1686209056360.webp 216w\" data-sizes=\"auto\" data-orig-sizes=\"(max-width: 800px) 100vw, (max-width: 640px) 100vw, 216px\" \/><\/span><\/div><div class=\"fusion-text fusion-text-2\" style=\"--awb-line-height:1.5;--awb-text-color:#000000;--awb-margin-top:20px;\"><p style=\"text-align: center;\"><strong>Jacques Mouchet<br \/>\n<\/strong>Fondateur<\/p>\n<\/div><div class=\"fusion-text fusion-text-3\" style=\"--awb-content-alignment:justify;--awb-line-height:1.5;--awb-text-color:#000000;--awb-margin-top:10px;\"><p>J<span data-olk-copy-source=\"MessageBody\">acques est le fondateur de Sun Ice Energy et un inventeur en s\u00e9rie avec plus de 50 brevets. Il est \u00e9galement pr\u00e9sident et fondateur d&rsquo;ATEQ, un leader mondial de la technologie des tests d&rsquo;\u00e9tanch\u00e9it\u00e9, pr\u00e9sent dans plus de 40 pays et au service de plus de 5 000 entreprises. Jacques a transform\u00e9 l&rsquo;industrie des tests d&rsquo;\u00e9tanch\u00e9it\u00e9 et de d\u00e9bit et est l&rsquo;inventeur de la premi\u00e8re patinoire au monde refroidie par l&rsquo;\u00e9nergie solaire. D\u00e9fenseur de longue date du d\u00e9veloppement durable et de la mobilit\u00e9 \u00e9lectrique, il continue \u00e0 stimuler l&rsquo;innovation dans l&rsquo;ensemble du portefeuille technologique de Sun Ice.<\/span><\/p>\n<\/div><\/div><\/div><div class=\"fusion-layout-column fusion_builder_column fusion-builder-column-3 fusion_builder_column_1_4 1_4 fusion-flex-column fusion-flex-align-self-flex-start\" style=\"--awb-bg-blend:overlay;--awb-bg-size:cover;--awb-width-large:25%;--awb-margin-top-large:0px;--awb-spacing-right-large:7.68%;--awb-margin-bottom-large:0px;--awb-spacing-left-large:7.68%;--awb-width-medium:100%;--awb-order-medium:0;--awb-spacing-right-medium:1.92%;--awb-spacing-left-medium:1.92%;--awb-width-small:100%;--awb-order-small:0;--awb-spacing-right-small:1.92%;--awb-spacing-left-small:1.92%;\"><div class=\"fusion-column-wrapper fusion-column-has-shadow fusion-flex-justify-content-flex-start fusion-content-layout-column\"><div class=\"fusion-image-element \" style=\"text-align:center;--awb-max-width:200px;--awb-caption-title-font-family:var(--h2_typography-font-family);--awb-caption-title-font-weight:var(--h2_typography-font-weight);--awb-caption-title-font-style:var(--h2_typography-font-style);--awb-caption-title-size:var(--h2_typography-font-size);--awb-caption-title-transform:var(--h2_typography-text-transform);--awb-caption-title-line-height:var(--h2_typography-line-height);--awb-caption-title-letter-spacing:var(--h2_typography-letter-spacing);\"><span class=\" fusion-imageframe imageframe-none imageframe-2 hover-type-none\"><img decoding=\"async\" width=\"300\" height=\"300\" title=\"YueC\" src=\"https:\/\/sun-ice-energy.com\/wp-content\/uploads\/2023\/06\/YueC-e1686208884177.png\" data-orig-src=\"https:\/\/sun-ice-energy.com\/wp-content\/uploads\/2023\/06\/YueC-e1686208884177-300x300.png\" alt class=\"lazyload img-responsive wp-image-1630\" srcset=\"data:image\/svg+xml,%3Csvg%20xmlns%3D%27http%3A%2F%2Fwww.w3.org%2F2000%2Fsvg%27%20width%3D%27571%27%20height%3D%27571%27%20viewBox%3D%270%200%20571%20571%27%3E%3Crect%20width%3D%27571%27%20height%3D%27571%27%20fill-opacity%3D%220%22%2F%3E%3C%2Fsvg%3E\" data-srcset=\"https:\/\/sun-ice-energy.com\/wp-content\/uploads\/2023\/06\/YueC-e1686208884177-200x200.png 200w, https:\/\/sun-ice-energy.com\/wp-content\/uploads\/2023\/06\/YueC-e1686208884177-400x400.png 400w, https:\/\/sun-ice-energy.com\/wp-content\/uploads\/2023\/06\/YueC-e1686208884177.png 571w\" data-sizes=\"auto\" data-orig-sizes=\"(max-width: 800px) 100vw, (max-width: 640px) 100vw, 400px\" \/><\/span><\/div><div class=\"fusion-text fusion-text-4\" style=\"--awb-line-height:1.5;--awb-text-color:#000000;--awb-margin-top:20px;\"><p style=\"text-align: center;\"><strong>Cong Yue<\/strong><br \/>\nMembre fondateur<\/p>\n<\/div><div class=\"fusion-text fusion-text-5\" style=\"--awb-content-alignment:justify;--awb-line-height:1.5;--awb-text-color:#000000;--awb-margin-top:20px;\"><p><span data-olk-copy-source=\"MessageBody\">Yue est l&rsquo;un des membres fondateurs de Sun Ice Energy et supervise les op\u00e9rations internationales. Forte d&rsquo;une grande exp\u00e9rience dans la gestion d&rsquo;\u00e9quipes et d&rsquo;unit\u00e9s commerciales transfrontali\u00e8res, elle assure une coordination harmonieuse des activit\u00e9s mondiales de l&rsquo;entreprise. Parlant couramment l&rsquo;anglais, le chinois et le fran\u00e7ais, elle soutient l&rsquo;ex\u00e9cution op\u00e9rationnelle et l&rsquo;expansion internationale de Sun Ice.<\/span><\/p>\n<\/div><\/div><\/div><div class=\"fusion-layout-column fusion_builder_column fusion-builder-column-4 fusion_builder_column_1_4 1_4 fusion-flex-column fusion-flex-align-self-flex-start\" style=\"--awb-bg-blend:overlay;--awb-bg-size:cover;--awb-width-large:25%;--awb-margin-top-large:0px;--awb-spacing-right-large:7.68%;--awb-margin-bottom-large:0px;--awb-spacing-left-large:7.68%;--awb-width-medium:100%;--awb-order-medium:0;--awb-spacing-right-medium:1.92%;--awb-spacing-left-medium:1.92%;--awb-width-small:100%;--awb-order-small:0;--awb-spacing-right-small:1.92%;--awb-spacing-left-small:1.92%;\"><div class=\"fusion-column-wrapper fusion-column-has-shadow fusion-flex-justify-content-flex-start fusion-content-layout-column\"><div class=\"fusion-image-element \" style=\"text-align:center;--awb-max-width:200px;--awb-caption-title-font-family:var(--h2_typography-font-family);--awb-caption-title-font-weight:var(--h2_typography-font-weight);--awb-caption-title-font-style:var(--h2_typography-font-style);--awb-caption-title-size:var(--h2_typography-font-size);--awb-caption-title-transform:var(--h2_typography-text-transform);--awb-caption-title-line-height:var(--h2_typography-line-height);--awb-caption-title-letter-spacing:var(--h2_typography-letter-spacing);\"><span class=\" fusion-imageframe imageframe-none imageframe-3 hover-type-none\"><img decoding=\"async\" width=\"400\" height=\"400\" alt=\"Philip Mouchet\" title=\"1762946996602\" src=\"https:\/\/sun-ice-energy.com\/wp-content\/uploads\/2026\/02\/1762946996602.jpg\" data-orig-src=\"https:\/\/sun-ice-energy.com\/wp-content\/uploads\/2026\/02\/1762946996602.jpg\" class=\"lazyload img-responsive wp-image-1744\" srcset=\"data:image\/svg+xml,%3Csvg%20xmlns%3D%27http%3A%2F%2Fwww.w3.org%2F2000%2Fsvg%27%20width%3D%27400%27%20height%3D%27400%27%20viewBox%3D%270%200%20400%20400%27%3E%3Crect%20width%3D%27400%27%20height%3D%27400%27%20fill-opacity%3D%220%22%2F%3E%3C%2Fsvg%3E\" data-srcset=\"https:\/\/sun-ice-energy.com\/wp-content\/uploads\/2026\/02\/1762946996602-200x200.jpg 200w, https:\/\/sun-ice-energy.com\/wp-content\/uploads\/2026\/02\/1762946996602.jpg 400w\" data-sizes=\"auto\" data-orig-sizes=\"(max-width: 800px) 100vw, (max-width: 640px) 100vw, 400px\" \/><\/span><\/div><div class=\"fusion-text fusion-text-6\" style=\"--awb-line-height:1.5;--awb-text-color:#000000;--awb-margin-top:20px;\"><p style=\"text-align: center;\"><strong>Philip Mouchet<br \/>\n<\/strong>CFO<\/p>\n<\/div><div class=\"fusion-text fusion-text-7\" style=\"--awb-content-alignment:justify;--awb-line-height:1.5;--awb-text-color:#000000;--awb-margin-top:20px;\"><p><span data-olk-copy-source=\"MessageBody\">Philip est le directeur financier de Sun Ice Energy et poss\u00e8de plus de 20 ans d&rsquo;exp\u00e9rience dans le domaine de la finance d&rsquo;entreprise et de l&rsquo;assurance. Comptable agr\u00e9\u00e9 et tr\u00e9sorier qualifi\u00e9, il assure la direction financi\u00e8re, la gestion des risques et la supervision strat\u00e9gique pour soutenir les op\u00e9rations mondiales de l&rsquo;entreprise.<\/span><\/p>\n<\/div><\/div><\/div><div class=\"fusion-layout-column fusion_builder_column fusion-builder-column-5 fusion_builder_column_1_4 1_4 fusion-flex-column fusion-flex-align-self-flex-start\" style=\"--awb-bg-blend:overlay;--awb-bg-size:cover;--awb-width-large:25%;--awb-margin-top-large:0px;--awb-spacing-right-large:7.68%;--awb-margin-bottom-large:0px;--awb-spacing-left-large:7.68%;--awb-width-medium:100%;--awb-order-medium:0;--awb-spacing-right-medium:1.92%;--awb-spacing-left-medium:1.92%;--awb-width-small:100%;--awb-order-small:0;--awb-spacing-right-small:1.92%;--awb-spacing-left-small:1.92%;\"><div class=\"fusion-column-wrapper fusion-column-has-shadow fusion-flex-justify-content-flex-start fusion-content-layout-column\"><div class=\"fusion-image-element \" style=\"text-align:center;--awb-max-width:200px;--awb-caption-title-font-family:var(--h2_typography-font-family);--awb-caption-title-font-weight:var(--h2_typography-font-weight);--awb-caption-title-font-style:var(--h2_typography-font-style);--awb-caption-title-size:var(--h2_typography-font-size);--awb-caption-title-transform:var(--h2_typography-text-transform);--awb-caption-title-line-height:var(--h2_typography-line-height);--awb-caption-title-letter-spacing:var(--h2_typography-letter-spacing);\"><span class=\" fusion-imageframe imageframe-none imageframe-4 hover-type-none\"><img decoding=\"async\" width=\"300\" height=\"296\" title=\"MichaelS\" src=\"https:\/\/sun-ice-energy.com\/wp-content\/uploads\/2023\/06\/MichaelS.png\" data-orig-src=\"https:\/\/sun-ice-energy.com\/wp-content\/uploads\/2023\/06\/MichaelS-300x296.png\" alt class=\"lazyload img-responsive wp-image-1629\" srcset=\"data:image\/svg+xml,%3Csvg%20xmlns%3D%27http%3A%2F%2Fwww.w3.org%2F2000%2Fsvg%27%20width%3D%27706%27%20height%3D%27697%27%20viewBox%3D%270%200%20706%20697%27%3E%3Crect%20width%3D%27706%27%20height%3D%27697%27%20fill-opacity%3D%220%22%2F%3E%3C%2Fsvg%3E\" data-srcset=\"https:\/\/sun-ice-energy.com\/wp-content\/uploads\/2023\/06\/MichaelS-200x197.png 200w, https:\/\/sun-ice-energy.com\/wp-content\/uploads\/2023\/06\/MichaelS-400x395.png 400w, https:\/\/sun-ice-energy.com\/wp-content\/uploads\/2023\/06\/MichaelS-600x592.png 600w, https:\/\/sun-ice-energy.com\/wp-content\/uploads\/2023\/06\/MichaelS.png 706w\" data-sizes=\"auto\" data-orig-sizes=\"(max-width: 800px) 100vw, (max-width: 640px) 100vw, 400px\" \/><\/span><\/div><div class=\"fusion-text fusion-text-8\" style=\"--awb-line-height:1.5;--awb-text-color:#000000;--awb-margin-top:20px;\"><p style=\"text-align: center;\"><strong>Michael Saddler<br \/>\n<\/strong>Ventes\/D\u00e9veloppement des affaires<\/p>\n<\/div><div class=\"fusion-text fusion-text-9\" style=\"--awb-content-alignment:justify;--awb-line-height:1.5;--awb-text-color:#000000;--awb-margin-top:20px;\"><p><span data-olk-copy-source=\"MessageBody\">Michael dirige les ventes mondiales et le d\u00e9veloppement commercial de Sun Ice Energy. Avec plus de 20 ans d&rsquo;exp\u00e9rience dans les domaines de la finance, de la strat\u00e9gie commerciale et de l&rsquo;engagement des clients en Asie et dans le Pacifique, il aide les partenaires \u00e0 adopter les solutions de Sun Ice. <\/span><\/p>\n<\/div><\/div><\/div><\/div><\/div><\/p>\n","protected":false},"excerpt":{"rendered":"","protected":false},"author":1,"featured_media":1607,"parent":1651,"menu_order":0,"comment_status":"closed","ping_status":"closed","template":"100-width.php","meta":{"footnotes":""},"class_list":["post-1658","page","type-page","status-publish","has-post-thumbnail","hentry"],"_links":{"self":[{"href":"https:\/\/sun-ice-energy.com\/fr\/wp-json\/wp\/v2\/pages\/1658","targetHints":{"allow":["GET"]}}],"collection":[{"href":"https:\/\/sun-ice-energy.com\/fr\/wp-json\/wp\/v2\/pages"}],"about":[{"href":"https:\/\/sun-ice-energy.com\/fr\/wp-json\/wp\/v2\/types\/page"}],"author":[{"embeddable":true,"href":"https:\/\/sun-ice-energy.com\/fr\/wp-json\/wp\/v2\/users\/1"}],"replies":[{"embeddable":true,"href":"https:\/\/sun-ice-energy.com\/fr\/wp-json\/wp\/v2\/comments?post=1658"}],"version-history":[{"count":16,"href":"https:\/\/sun-ice-energy.com\/fr\/wp-json\/wp\/v2\/pages\/1658\/revisions"}],"predecessor-version":[{"id":2506,"href":"https:\/\/sun-ice-energy.com\/fr\/wp-json\/wp\/v2\/pages\/1658\/revisions\/2506"}],"up":[{"embeddable":true,"href":"https:\/\/sun-ice-energy.com\/fr\/wp-json\/wp\/v2\/pages\/1651"}],"wp:featuredmedia":[{"embeddable":true,"href":"https:\/\/sun-ice-energy.com\/fr\/wp-json\/wp\/v2\/media\/1607"}],"wp:attachment":[{"href":"https:\/\/sun-ice-energy.com\/fr\/wp-json\/wp\/v2\/media?parent=1658"}],"curies":[{"name":"wp","href":"https:\/\/api.w.org\/{rel}","templated":true}]}}