{"id":2039,"date":"2026-02-12T15:02:35","date_gmt":"2026-02-12T14:02:35","guid":{"rendered":"https:\/\/sun-ice-energy.com\/?page_id=2039"},"modified":"2026-02-12T15:02:36","modified_gmt":"2026-02-12T14:02:36","slug":"chambres-froides-et-patinoires-2","status":"publish","type":"page","link":"https:\/\/sun-ice-energy.com\/fr\/les-applications-dans-le-domaine-de-la-construction\/chambres-froides-et-patinoires-2\/","title":{"rendered":"Chambres froides et Patinoires"},"content":{"rendered":"<p><div class=\"fusion-fullwidth fullwidth-box fusion-builder-row-1 fusion-flex-container has-pattern-background has-mask-background fusion-parallax-none nonhundred-percent-fullwidth non-hundred-percent-height-scrolling\" style=\"--awb-background-position:center bottom;--awb-border-sizes-top:0;--awb-border-sizes-bottom:0;--awb-border-radius-top-left:0px;--awb-border-radius-top-right:0px;--awb-border-radius-bottom-right:0px;--awb-border-radius-bottom-left:0px;--awb-padding-top:100px;--awb-padding-bottom:100px;--awb-margin-top:0px;--awb-margin-bottom:0px;--awb-background-image:url(&quot;https:\/\/sun-ice-energy.com\/wp-content\/uploads\/2022\/06\/coldroom-sun-ice2.jpg&quot;);--awb-background-size:cover;--awb-flex-wrap:wrap;\" data-preload-img=\"https:\/\/sun-ice-energy.com\/wp-content\/uploads\/2022\/06\/coldroom-sun-ice2.jpg\" ><div class=\"fusion-builder-row fusion-row fusion-flex-align-items-flex-start fusion-flex-content-wrap\" style=\"max-width:calc( 1200px + 0px );margin-left: calc(-0px \/ 2 );margin-right: calc(-0px \/ 2 );\"><div class=\"fusion-layout-column fusion_builder_column fusion-builder-column-0 fusion_builder_column_1_1 1_1 fusion-flex-column\" style=\"--awb-bg-position:center center;--awb-bg-blend:overlay;--awb-bg-size:cover;--awb-width-large:100%;--awb-margin-top-large:0px;--awb-spacing-right-large:0px;--awb-margin-bottom-large:0px;--awb-spacing-left-large:0px;--awb-width-medium:100%;--awb-order-medium:0;--awb-spacing-right-medium:0px;--awb-spacing-left-medium:0px;--awb-width-small:100%;--awb-order-small:0;--awb-spacing-right-small:0px;--awb-spacing-left-small:0px;\"><div class=\"fusion-column-wrapper fusion-column-has-shadow fusion-flex-justify-content-flex-start fusion-content-layout-column\"><\/div><\/div><\/div><\/div><div class=\"fusion-fullwidth fullwidth-box fusion-builder-row-2 fusion-flex-container nonhundred-percent-fullwidth non-hundred-percent-height-scrolling\" style=\"--awb-border-radius-top-left:0px;--awb-border-radius-top-right:0px;--awb-border-radius-bottom-right:0px;--awb-border-radius-bottom-left:0px;--awb-flex-wrap:wrap;\" ><div class=\"fusion-builder-row fusion-row fusion-flex-align-items-flex-start fusion-flex-content-wrap\" style=\"max-width:1248px;margin-left: calc(-4% \/ 2 );margin-right: calc(-4% \/ 2 );\"><div class=\"fusion-layout-column fusion_builder_column fusion-builder-column-1 fusion_builder_column_1_1 1_1 fusion-flex-column\" style=\"--awb-bg-blend:overlay;--awb-bg-size:cover;--awb-width-large:100%;--awb-margin-top-large:30px;--awb-spacing-right-large:1.92%;--awb-margin-bottom-large:0px;--awb-spacing-left-large:1.92%;--awb-width-medium:100%;--awb-spacing-right-medium:1.92%;--awb-spacing-left-medium:1.92%;--awb-width-small:100%;--awb-spacing-right-small:1.92%;--awb-spacing-left-small:1.92%;\"><div class=\"fusion-column-wrapper fusion-flex-justify-content-flex-start fusion-content-layout-column\"><div class=\"fusion-title title fusion-title-1 fusion-sep-none fusion-title-text fusion-title-size-two\" style=\"--awb-text-color:var(--awb-custom_color_1);--awb-margin-bottom:10px;--awb-margin-top-small:0px;--awb-margin-right-small:0px;--awb-margin-bottom-small:20px;--awb-margin-left-small:0px;--awb-font-size:45px;\"><h2 class=\"fusion-title-heading title-heading-left fusion-responsive-typography-calculated\" style=\"margin:0;text-transform:capitalize;font-size:1em;--fontSize:45;line-height:var(--awb-typography1-line-height);\">PREMI\u00c8RE PATINOIRE AU MONDE \u00c0 Z\u00c9RO CARBONE REFROIDIE PAR L&rsquo;\u00c9NERGIE SOLAIRE<\/h2><\/div><div class=\"fusion-text fusion-text-1\"><p>5 X 5m PREUVE DE CONCEPT RINK SINGAPORE<\/p>\n<\/div><\/div><\/div><\/div><\/div><div class=\"fusion-fullwidth fullwidth-box fusion-builder-row-3 fusion-flex-container has-pattern-background has-mask-background nonhundred-percent-fullwidth non-hundred-percent-height-scrolling\" style=\"--awb-border-radius-top-left:0px;--awb-border-radius-top-right:0px;--awb-border-radius-bottom-right:0px;--awb-border-radius-bottom-left:0px;--awb-flex-wrap:wrap;\" ><div class=\"fusion-builder-row fusion-row fusion-flex-align-items-center fusion-flex-content-wrap\" style=\"max-width:1248px;margin-left: calc(-4% \/ 2 );margin-right: calc(-4% \/ 2 );\"><div class=\"fusion-layout-column fusion_builder_column fusion-builder-column-2 fusion_builder_column_3_5 3_5 fusion-flex-column\" style=\"--awb-bg-size:cover;--awb-width-large:60%;--awb-margin-top-large:0px;--awb-spacing-right-large:3.2%;--awb-margin-bottom-large:20px;--awb-spacing-left-large:3.2%;--awb-width-medium:100%;--awb-order-medium:0;--awb-spacing-right-medium:1.92%;--awb-spacing-left-medium:1.92%;--awb-width-small:100%;--awb-order-small:0;--awb-spacing-right-small:1.92%;--awb-spacing-left-small:1.92%;\"><div class=\"fusion-column-wrapper fusion-column-has-shadow fusion-flex-justify-content-flex-start fusion-content-layout-column\"><div class=\"fusion-text fusion-text-2 fusion-text-no-margin\" style=\"--awb-font-size:24px;--awb-text-color:var(--awb-color7);--awb-margin-bottom:0px;\"><p><strong>LES ENJEUX<\/strong><\/p>\n<\/div><div class=\"fusion-separator\" style=\"align-self: flex-start;margin-right:auto;margin-bottom:20px;width:100%;max-width:50%;\"><div class=\"fusion-separator-border sep-single sep-solid\" style=\"--awb-height:20px;--awb-amount:20px;border-color:var(--awb-color4);border-top-width:3px;\"><\/div><\/div><div class=\"fusion-text fusion-text-3\"><p><strong><strong><strong>La crise mondiale de l&rsquo;\u00e9nergie entra\u00eene la fermeture de patinoires dans le monde entier<\/strong><\/strong><\/strong><\/p>\n<ul>\n<li>Au Royaume-Uni, le co\u00fbt de l&rsquo;\u00e9lectricit\u00e9 a doubl\u00e9 entre 2019 et 2023 et il faut d\u00e9sormais compter entre 520 et 1,8 million de livres sterling rien qu&rsquo;en \u00e9nergie pour faire fonctionner une patinoire toutes les 24 heures.<\/li>\n<li>Co\u00fbts de maintenance et de remplacement \u00e9lev\u00e9s en raison du fonctionnement des \u00e9quipements 24 heures sur 24, 7 jours sur 7 et 365 jours par an.<\/li>\n<\/ul>\n<\/div><\/div><\/div><div class=\"fusion-layout-column fusion_builder_column fusion-builder-column-3 fusion_builder_column_2_5 2_5 fusion-flex-column\" style=\"--awb-bg-size:cover;--awb-width-large:40%;--awb-margin-top-large:15px;--awb-spacing-right-large:4.8%;--awb-margin-bottom-large:20px;--awb-spacing-left-large:4.8%;--awb-width-medium:100%;--awb-order-medium:0;--awb-spacing-right-medium:1.92%;--awb-spacing-left-medium:1.92%;--awb-width-small:100%;--awb-order-small:0;--awb-spacing-right-small:1.92%;--awb-spacing-left-small:1.92%;\"><div class=\"fusion-column-wrapper fusion-column-has-shadow fusion-flex-justify-content-center fusion-content-layout-column\"><div class=\"fusion-image-element \" style=\"--awb-caption-title-font-family:var(--h2_typography-font-family);--awb-caption-title-font-weight:var(--h2_typography-font-weight);--awb-caption-title-font-style:var(--h2_typography-font-style);--awb-caption-title-size:var(--h2_typography-font-size);--awb-caption-title-transform:var(--h2_typography-text-transform);--awb-caption-title-line-height:var(--h2_typography-line-height);--awb-caption-title-letter-spacing:var(--h2_typography-letter-spacing);\"><span class=\" fusion-imageframe imageframe-none imageframe-1 hover-type-none\"><img decoding=\"async\" width=\"512\" height=\"384\" alt=\"sun ice energy\" title=\"ZERO CARBON SOLAR COOLED ICE-SKATING RINK\" src=\"https:\/\/sun-ice-energy.com\/wp-content\/uploads\/2023\/06\/ZERO-CARBON-SOLAR-COOLED-ICE-SKATING-RINK.jpg\" data-orig-src=\"https:\/\/sun-ice-energy.com\/wp-content\/uploads\/2023\/06\/ZERO-CARBON-SOLAR-COOLED-ICE-SKATING-RINK.jpg\" class=\"lazyload img-responsive wp-image-1646\" srcset=\"data:image\/svg+xml,%3Csvg%20xmlns%3D%27http%3A%2F%2Fwww.w3.org%2F2000%2Fsvg%27%20width%3D%27512%27%20height%3D%27384%27%20viewBox%3D%270%200%20512%20384%27%3E%3Crect%20width%3D%27512%27%20height%3D%27384%27%20fill-opacity%3D%220%22%2F%3E%3C%2Fsvg%3E\" data-srcset=\"https:\/\/sun-ice-energy.com\/wp-content\/uploads\/2023\/06\/ZERO-CARBON-SOLAR-COOLED-ICE-SKATING-RINK-200x150.jpg 200w, https:\/\/sun-ice-energy.com\/wp-content\/uploads\/2023\/06\/ZERO-CARBON-SOLAR-COOLED-ICE-SKATING-RINK-400x300.jpg 400w, https:\/\/sun-ice-energy.com\/wp-content\/uploads\/2023\/06\/ZERO-CARBON-SOLAR-COOLED-ICE-SKATING-RINK.jpg 512w\" data-sizes=\"auto\" data-orig-sizes=\"(max-width: 800px) 100vw, (max-width: 640px) 100vw, 512px\" \/><\/span><\/div><\/div><\/div><\/div><\/div><div class=\"fusion-fullwidth fullwidth-box fusion-builder-row-4 fusion-flex-container has-pattern-background has-mask-background nonhundred-percent-fullwidth non-hundred-percent-height-scrolling\" style=\"--awb-border-radius-top-left:0px;--awb-border-radius-top-right:0px;--awb-border-radius-bottom-right:0px;--awb-border-radius-bottom-left:0px;--awb-flex-wrap:wrap;\" ><div class=\"fusion-builder-row fusion-row fusion-flex-align-items-center fusion-flex-content-wrap\" style=\"max-width:1248px;margin-left: calc(-4% \/ 2 );margin-right: calc(-4% \/ 2 );\"><div class=\"fusion-layout-column fusion_builder_column fusion-builder-column-4 fusion_builder_column_3_5 3_5 fusion-flex-column\" style=\"--awb-bg-size:cover;--awb-width-large:60%;--awb-margin-top-large:0px;--awb-spacing-right-large:3.2%;--awb-margin-bottom-large:20px;--awb-spacing-left-large:3.2%;--awb-width-medium:100%;--awb-order-medium:0;--awb-spacing-right-medium:1.92%;--awb-spacing-left-medium:1.92%;--awb-width-small:100%;--awb-order-small:0;--awb-spacing-right-small:1.92%;--awb-spacing-left-small:1.92%;\"><div class=\"fusion-column-wrapper fusion-column-has-shadow fusion-flex-justify-content-flex-start fusion-content-layout-column\"><div class=\"fusion-text fusion-text-4 fusion-text-no-margin\" style=\"--awb-font-size:24px;--awb-text-color:var(--awb-color7);--awb-margin-bottom:0px;\"><p><strong>LA SOLUTION<\/strong><\/p>\n<\/div><div class=\"fusion-separator\" style=\"align-self: flex-start;margin-right:auto;margin-bottom:20px;width:100%;max-width:50%;\"><div class=\"fusion-separator-border sep-single sep-solid\" style=\"--awb-height:20px;--awb-amount:20px;border-color:var(--awb-color4);border-top-width:3px;\"><\/div><\/div><div class=\"fusion-text fusion-text-5\"><ul>\n<li>L&rsquo;\u00e9nergie solaire produite par des panneaux install\u00e9s sur le toit d&rsquo;une patinoire alimente un refroidisseur d&rsquo;eau standard qui g\u00e8le le MCP dans des unit\u00e9s thermiques \u00ae sous la dalle de glace.<\/li>\n<li>Le gel et la fonte continus provoquent un transfert de chaleur qui refroidit la dalle et l&rsquo;environnement \u00e0 une temp\u00e9rature constante de -18\u00b0C.<\/li>\n<li>La haute efficacit\u00e9 de la technologie signifie que 3 heures de lumi\u00e8re solaire peuvent refroidir la patinoire pendant 2 jours sans aucune source d&rsquo;\u00e9nergie externe suppl\u00e9mentaire.<\/li>\n<\/ul>\n<\/div><\/div><\/div><div class=\"fusion-layout-column fusion_builder_column fusion-builder-column-5 fusion_builder_column_2_5 2_5 fusion-flex-column\" style=\"--awb-bg-size:cover;--awb-width-large:40%;--awb-margin-top-large:16px;--awb-spacing-right-large:4.8%;--awb-margin-bottom-large:20px;--awb-spacing-left-large:4.8%;--awb-width-medium:100%;--awb-order-medium:0;--awb-spacing-right-medium:1.92%;--awb-spacing-left-medium:1.92%;--awb-width-small:100%;--awb-order-small:0;--awb-spacing-right-small:1.92%;--awb-spacing-left-small:1.92%;\"><div class=\"fusion-column-wrapper fusion-column-has-shadow fusion-flex-justify-content-center fusion-content-layout-column\"><div class=\"fusion-image-element \" style=\"--awb-caption-title-font-family:var(--h2_typography-font-family);--awb-caption-title-font-weight:var(--h2_typography-font-weight);--awb-caption-title-font-style:var(--h2_typography-font-style);--awb-caption-title-size:var(--h2_typography-font-size);--awb-caption-title-transform:var(--h2_typography-text-transform);--awb-caption-title-line-height:var(--h2_typography-line-height);--awb-caption-title-letter-spacing:var(--h2_typography-letter-spacing);\"><span class=\" fusion-imageframe imageframe-none imageframe-2 hover-type-none\"><img decoding=\"async\" width=\"512\" height=\"384\" alt=\"villas SunIceEnergy\" title=\"suniceeenrgy-Ice-Rinks\" src=\"https:\/\/sun-ice-energy.com\/wp-content\/uploads\/2023\/06\/suniceeenrgy-Ice-Rinks.png\" data-orig-src=\"https:\/\/sun-ice-energy.com\/wp-content\/uploads\/2023\/06\/suniceeenrgy-Ice-Rinks.png\" class=\"lazyload img-responsive wp-image-1647\" srcset=\"data:image\/svg+xml,%3Csvg%20xmlns%3D%27http%3A%2F%2Fwww.w3.org%2F2000%2Fsvg%27%20width%3D%27512%27%20height%3D%27384%27%20viewBox%3D%270%200%20512%20384%27%3E%3Crect%20width%3D%27512%27%20height%3D%27384%27%20fill-opacity%3D%220%22%2F%3E%3C%2Fsvg%3E\" data-srcset=\"https:\/\/sun-ice-energy.com\/wp-content\/uploads\/2023\/06\/suniceeenrgy-Ice-Rinks-200x150.png 200w, https:\/\/sun-ice-energy.com\/wp-content\/uploads\/2023\/06\/suniceeenrgy-Ice-Rinks-400x300.png 400w, https:\/\/sun-ice-energy.com\/wp-content\/uploads\/2023\/06\/suniceeenrgy-Ice-Rinks.png 512w\" data-sizes=\"auto\" data-orig-sizes=\"(max-width: 800px) 100vw, (max-width: 640px) 100vw, 512px\" \/><\/span><\/div><\/div><\/div><\/div><\/div><div class=\"fusion-fullwidth fullwidth-box fusion-builder-row-5 fusion-flex-container has-pattern-background has-mask-background nonhundred-percent-fullwidth non-hundred-percent-height-scrolling\" style=\"--awb-border-radius-top-left:0px;--awb-border-radius-top-right:0px;--awb-border-radius-bottom-right:0px;--awb-border-radius-bottom-left:0px;--awb-flex-wrap:wrap;\" ><div class=\"fusion-builder-row fusion-row fusion-flex-align-items-center fusion-flex-content-wrap\" style=\"max-width:1248px;margin-left: calc(-4% \/ 2 );margin-right: calc(-4% \/ 2 );\"><div class=\"fusion-layout-column fusion_builder_column fusion-builder-column-6 fusion_builder_column_3_5 3_5 fusion-flex-column\" style=\"--awb-bg-size:cover;--awb-width-large:60%;--awb-margin-top-large:0px;--awb-spacing-right-large:3.2%;--awb-margin-bottom-large:20px;--awb-spacing-left-large:3.2%;--awb-width-medium:100%;--awb-order-medium:0;--awb-spacing-right-medium:1.92%;--awb-spacing-left-medium:1.92%;--awb-width-small:100%;--awb-order-small:0;--awb-spacing-right-small:1.92%;--awb-spacing-left-small:1.92%;\"><div class=\"fusion-column-wrapper fusion-column-has-shadow fusion-flex-justify-content-flex-start fusion-content-layout-column\"><div class=\"fusion-text fusion-text-6 fusion-text-no-margin\" style=\"--awb-font-size:24px;--awb-text-color:var(--awb-color7);--awb-margin-bottom:0px;\"><p><strong>LA TECHNOLOGIE<\/strong><\/p>\n<\/div><div class=\"fusion-separator\" style=\"align-self: flex-start;margin-right:auto;margin-bottom:20px;width:100%;max-width:50%;\"><div class=\"fusion-separator-border sep-single sep-solid\" style=\"--awb-height:20px;--awb-amount:20px;border-color:var(--awb-color4);border-top-width:3px;\"><\/div><\/div><div class=\"fusion-text fusion-text-7\"><ul>\n<li>2 couches de tuyaux de r\u00e9frig\u00e9ration (eau\/\u00e9thyl\u00e8ne glycol) sont utilis\u00e9es pour congeler le MCP et contr\u00f4ler la temp\u00e9rature.<\/li>\n<li>L&rsquo;\u00e9nergie thermique est stock\u00e9e dans les unit\u00e9s de plancher en PCM pendant la journ\u00e9e \u00e0 &#8211; 18\u00b0C et utilis\u00e9e pour refroidir l&rsquo;environnement 24 heures sur 24, 7 jours sur 7.<\/li>\n<li>Une couche de MCP de quatre pouces d&rsquo;\u00e9paisseur peut maintenir le sol de glace d&rsquo;une patinoire au frais pendant 2 \u00e0 3 jours si le soleil n&rsquo;est pas suffisant.<\/li>\n<\/ul>\n<\/div><\/div><\/div><div class=\"fusion-layout-column fusion_builder_column fusion-builder-column-7 fusion_builder_column_2_5 2_5 fusion-flex-column fusion-flex-align-self-center\" style=\"--awb-bg-size:cover;--awb-width-large:40%;--awb-margin-top-large:16px;--awb-spacing-right-large:4.8%;--awb-margin-bottom-large:20px;--awb-spacing-left-large:4.8%;--awb-width-medium:100%;--awb-order-medium:0;--awb-spacing-right-medium:1.92%;--awb-spacing-left-medium:1.92%;--awb-width-small:100%;--awb-order-small:0;--awb-spacing-right-small:1.92%;--awb-spacing-left-small:1.92%;\"><div class=\"fusion-column-wrapper fusion-column-has-shadow fusion-flex-justify-content-center fusion-content-layout-column\"><div class=\"fusion-image-element \" style=\"text-align:center;--awb-caption-title-font-family:var(--h2_typography-font-family);--awb-caption-title-font-weight:var(--h2_typography-font-weight);--awb-caption-title-font-style:var(--h2_typography-font-style);--awb-caption-title-size:var(--h2_typography-font-size);--awb-caption-title-transform:var(--h2_typography-text-transform);--awb-caption-title-line-height:var(--h2_typography-line-height);--awb-caption-title-letter-spacing:var(--h2_typography-letter-spacing);\"><span class=\" fusion-imageframe imageframe-none imageframe-3 hover-type-none\"><img decoding=\"async\" width=\"512\" height=\"344\" title=\"technology-sun-ice-energy\" src=\"https:\/\/sun-ice-energy.com\/wp-content\/uploads\/2023\/06\/technology-sun-ice-energy-e1687365336163.png\" data-orig-src=\"https:\/\/sun-ice-energy.com\/wp-content\/uploads\/2023\/06\/technology-sun-ice-energy-e1687365336163.png\" alt class=\"lazyload img-responsive wp-image-1643\" srcset=\"data:image\/svg+xml,%3Csvg%20xmlns%3D%27http%3A%2F%2Fwww.w3.org%2F2000%2Fsvg%27%20width%3D%27512%27%20height%3D%27344%27%20viewBox%3D%270%200%20512%20344%27%3E%3Crect%20width%3D%27512%27%20height%3D%27344%27%20fill-opacity%3D%220%22%2F%3E%3C%2Fsvg%3E\" data-srcset=\"https:\/\/sun-ice-energy.com\/wp-content\/uploads\/2023\/06\/technology-sun-ice-energy-e1687365336163-200x134.png 200w, https:\/\/sun-ice-energy.com\/wp-content\/uploads\/2023\/06\/technology-sun-ice-energy-e1687365336163-400x269.png 400w, https:\/\/sun-ice-energy.com\/wp-content\/uploads\/2023\/06\/technology-sun-ice-energy-e1687365336163.png 512w\" data-sizes=\"auto\" data-orig-sizes=\"(max-width: 800px) 100vw, (max-width: 640px) 100vw, 512px\" \/><\/span><\/div><\/div><\/div><\/div><\/div><div class=\"fusion-fullwidth fullwidth-box fusion-builder-row-6 fusion-flex-container has-pattern-background has-mask-background nonhundred-percent-fullwidth non-hundred-percent-height-scrolling\" style=\"--awb-border-radius-top-left:0px;--awb-border-radius-top-right:0px;--awb-border-radius-bottom-right:0px;--awb-border-radius-bottom-left:0px;--awb-flex-wrap:wrap;\" ><div class=\"fusion-builder-row fusion-row fusion-flex-align-items-center fusion-flex-content-wrap\" style=\"max-width:1248px;margin-left: calc(-4% \/ 2 );margin-right: calc(-4% \/ 2 );\"><div class=\"fusion-layout-column fusion_builder_column fusion-builder-column-8 fusion_builder_column_3_5 3_5 fusion-flex-column\" style=\"--awb-bg-size:cover;--awb-width-large:60%;--awb-margin-top-large:0px;--awb-spacing-right-large:3.2%;--awb-margin-bottom-large:20px;--awb-spacing-left-large:3.2%;--awb-width-medium:100%;--awb-order-medium:0;--awb-spacing-right-medium:1.92%;--awb-spacing-left-medium:1.92%;--awb-width-small:100%;--awb-order-small:0;--awb-spacing-right-small:1.92%;--awb-spacing-left-small:1.92%;\"><div class=\"fusion-column-wrapper fusion-column-has-shadow fusion-flex-justify-content-flex-start fusion-content-layout-column\"><div class=\"fusion-text fusion-text-8 fusion-text-no-margin\" style=\"--awb-font-size:24px;--awb-text-color:var(--awb-color7);--awb-margin-bottom:0px;\"><p><strong>B\u00c9N\u00c9FICES<\/strong><\/p>\n<\/div><div class=\"fusion-separator\" style=\"align-self: flex-start;margin-right:auto;margin-bottom:20px;width:100%;max-width:50%;\"><div class=\"fusion-separator-border sep-single sep-solid\" style=\"--awb-height:20px;--awb-amount:20px;border-color:var(--awb-color4);border-top-width:3px;\"><\/div><\/div><div class=\"fusion-text fusion-text-9\"><ul>\n<li>\u00c9conomies de co\u00fbts &#8211; Gr\u00e2ce \u00e0 l&rsquo;efficacit\u00e9 \u00e9nerg\u00e9tique, 70% d&rsquo;\u00e9conomies sur les seules d\u00e9penses d&rsquo;exploitation li\u00e9es au refroidissement.<\/li>\n<li>R\u00e9duction des co\u00fbts de maintenance &#8211; r\u00e9duction de la surchauffe des \u00e9quipements. Les refroidisseurs d&rsquo;eau fonctionnent 1\/3 du temps, ce qui augmente leur dur\u00e9e de vie de 20 \u00e0 30 ans.<\/li>\n<li>Assure une temp\u00e9rature constante en dessous du point de cong\u00e9lation<\/li>\n<li>Sources de revenus suppl\u00e9mentaires &#8211; le r\u00e9sultat \u00e9nerg\u00e9tique positif net signifie que l&rsquo;\u00e9nergie exc\u00e9dentaire peut \u00eatre stock\u00e9e dans des batteries pour faire fonctionner les lumi\u00e8res ou \u00eatre revendue au r\u00e9seau.<\/li>\n<\/ul>\n<\/div><\/div><\/div><div class=\"fusion-layout-column fusion_builder_column fusion-builder-column-9 fusion_builder_column_2_5 2_5 fusion-flex-column\" style=\"--awb-bg-size:cover;--awb-width-large:40%;--awb-margin-top-large:0px;--awb-spacing-right-large:4.8%;--awb-margin-bottom-large:20px;--awb-spacing-left-large:4.8%;--awb-width-medium:100%;--awb-order-medium:0;--awb-spacing-right-medium:1.92%;--awb-spacing-left-medium:1.92%;--awb-width-small:100%;--awb-order-small:0;--awb-spacing-right-small:1.92%;--awb-spacing-left-small:1.92%;\"><div class=\"fusion-column-wrapper fusion-column-has-shadow fusion-flex-justify-content-center fusion-content-layout-column\"><div class=\"fusion-image-element \" style=\"--awb-caption-title-font-family:var(--h2_typography-font-family);--awb-caption-title-font-weight:var(--h2_typography-font-weight);--awb-caption-title-font-style:var(--h2_typography-font-style);--awb-caption-title-size:var(--h2_typography-font-size);--awb-caption-title-transform:var(--h2_typography-text-transform);--awb-caption-title-line-height:var(--h2_typography-line-height);--awb-caption-title-letter-spacing:var(--h2_typography-letter-spacing);\"><span class=\" fusion-imageframe imageframe-none imageframe-4 hover-type-none\"><img decoding=\"async\" width=\"512\" height=\"384\" title=\"solutions-sun-ice-energy\" src=\"https:\/\/sun-ice-energy.com\/wp-content\/uploads\/2023\/06\/solutions-sun-ice-energy.png\" data-orig-src=\"https:\/\/sun-ice-energy.com\/wp-content\/uploads\/2023\/06\/solutions-sun-ice-energy.png\" alt class=\"lazyload img-responsive wp-image-1648\" srcset=\"data:image\/svg+xml,%3Csvg%20xmlns%3D%27http%3A%2F%2Fwww.w3.org%2F2000%2Fsvg%27%20width%3D%27512%27%20height%3D%27384%27%20viewBox%3D%270%200%20512%20384%27%3E%3Crect%20width%3D%27512%27%20height%3D%27384%27%20fill-opacity%3D%220%22%2F%3E%3C%2Fsvg%3E\" data-srcset=\"https:\/\/sun-ice-energy.com\/wp-content\/uploads\/2023\/06\/solutions-sun-ice-energy-200x150.png 200w, https:\/\/sun-ice-energy.com\/wp-content\/uploads\/2023\/06\/solutions-sun-ice-energy-400x300.png 400w, https:\/\/sun-ice-energy.com\/wp-content\/uploads\/2023\/06\/solutions-sun-ice-energy.png 512w\" data-sizes=\"auto\" data-orig-sizes=\"(max-width: 800px) 100vw, (max-width: 640px) 100vw, 512px\" \/><\/span><\/div><\/div><\/div><\/div><\/div><\/p>\n","protected":false},"excerpt":{"rendered":"","protected":false},"author":4,"featured_media":1608,"parent":1667,"menu_order":0,"comment_status":"closed","ping_status":"closed","template":"100-width.php","meta":{"footnotes":""},"class_list":["post-2039","page","type-page","status-publish","has-post-thumbnail","hentry"],"_links":{"self":[{"href":"https:\/\/sun-ice-energy.com\/fr\/wp-json\/wp\/v2\/pages\/2039","targetHints":{"allow":["GET"]}}],"collection":[{"href":"https:\/\/sun-ice-energy.com\/fr\/wp-json\/wp\/v2\/pages"}],"about":[{"href":"https:\/\/sun-ice-energy.com\/fr\/wp-json\/wp\/v2\/types\/page"}],"author":[{"embeddable":true,"href":"https:\/\/sun-ice-energy.com\/fr\/wp-json\/wp\/v2\/users\/4"}],"replies":[{"embeddable":true,"href":"https:\/\/sun-ice-energy.com\/fr\/wp-json\/wp\/v2\/comments?post=2039"}],"version-history":[{"count":3,"href":"https:\/\/sun-ice-energy.com\/fr\/wp-json\/wp\/v2\/pages\/2039\/revisions"}],"predecessor-version":[{"id":2042,"href":"https:\/\/sun-ice-energy.com\/fr\/wp-json\/wp\/v2\/pages\/2039\/revisions\/2042"}],"up":[{"embeddable":true,"href":"https:\/\/sun-ice-energy.com\/fr\/wp-json\/wp\/v2\/pages\/1667"}],"wp:featuredmedia":[{"embeddable":true,"href":"https:\/\/sun-ice-energy.com\/fr\/wp-json\/wp\/v2\/media\/1608"}],"wp:attachment":[{"href":"https:\/\/sun-ice-energy.com\/fr\/wp-json\/wp\/v2\/media?parent=2039"}],"curies":[{"name":"wp","href":"https:\/\/api.w.org\/{rel}","templated":true}]}}